{"id":15,"date":"2022-04-05T11:13:35","date_gmt":"2022-04-05T08:13:35","guid":{"rendered":"http:\/\/www.outiturtiainen.fi\/?page_id=15"},"modified":"2022-04-05T11:24:42","modified_gmt":"2022-04-05T08:24:42","slug":"statement","status":"publish","type":"page","link":"https:\/\/www.outiturtiainen.fi\/?page_id=15","title":{"rendered":"Statement"},"content":{"rendered":"\n<p>Taiteellinen ty\u00f6skentelyni perustuu tunnemaailman j\u00e4nnitteisiin, joiden tulkitsijoina korostuvat liike, rytmi, sek\u00e4 voimakkaat v\u00e4rit. Luotan spontaaniin ja fyysiseen luomisprosessiin, joka avaa p\u00e4\u00e4syn ihmisen arkaaisille, alitajuisille tasoille; tiloihin, joissa loogisen tietoisuuden kontrolli saa v\u00e4isty\u00e4, ja miss\u00e4 toimin mieluimmin yksin k\u00e4ytt\u00e4en ty\u00f6kalunani melankolista, rytmik\u00e4st\u00e4 musiikkia, jonka luoma tunnelma sytytt\u00e4\u00e4 taiteellisen luovuuden.<\/p>\n\n\n\n<p>Usein annan v\u00e4rien virrata vapaasti yli teoksen reunojen; kehykset maalauksessa tuntuvat pys\u00e4ytt\u00e4v\u00e4n ilmaisua ja vangitsevan k\u00e4sitelt\u00e4v\u00e4\u00e4 aihetta. -Joskus sivellinkin tuntuu olevan esteen\u00e4 teoksen pohjan ja itseni v\u00e4liss\u00e4 ilmaisun purkaantuessa v\u00e4litt\u00f6m\u00e4n\u00e4 suoraan k\u00e4sist\u00e4.<\/p>\n\n\n\n<p>Haluan saada konkreettisen ja materiaalisen tuntuman, todellisen l\u00e4sn\u00e4olon ty\u00f6skentelyyni, ja n\u00e4hd\u00e4 selv\u00e4sti t\u00f6iss\u00e4ni siveltimen vetojen suunnat ja voimat, sek\u00e4 kokea tekemisen hurmion. Maalausaktini on siten kuin performanssi omalle itselleni; fyysinen, intiimi ja intuitiivinen luomisprosessi, jonka lopputuloksen saa selville vasta performanssin p\u00e4\u00e4tytty\u00e4.<\/p>\n\n\n\n<p>Tekniikkanani k\u00e4yt\u00e4n jatkuvaa prosessia; alussa aiheen mielikuvat sulautuvat ja liukuvat toistensa lomaan, eik\u00e4 ensimm\u00e4inen kuva v\u00e4ltt\u00e4m\u00e4tt\u00e4 toteudu maalauksena vaikka sill\u00e4 aloittaisinkin. Ty\u00f6n jatkuessa uusia n\u00e4k\u00f6kohtia tulee mieleen, eik\u00e4 lopputuloskaan ole v\u00e4ltt\u00e4m\u00e4tt\u00e4 p\u00e4\u00e4tepiste prosessille, vaan kenties alku ja kasvupohja jollekin uudelle projektille.<\/p>\n","protected":false},"excerpt":{"rendered":"<p>Taiteellinen ty\u00f6skentelyni perustuu tunnemaailman j\u00e4nnitteisiin, joiden tulkitsijoina korostuvat liike, rytmi, sek\u00e4 voimakkaat v\u00e4rit. Luotan spontaaniin ja fyysiseen luomisprosessiin, joka avaa p\u00e4\u00e4syn ihmisen arkaaisille, alitajuisille tasoille; tiloihin, joissa loogisen tietoisuuden kontrolli &hellip; <a href=\"https:\/\/www.outiturtiainen.fi\/?page_id=15\" class=\"more-link\"><span>Continue reading<span class=\"screen-reader-text\">Statement<\/span><\/span><\/a><\/p>\n","protected":false},"author":1,"featured_media":0,"parent":0,"menu_order":10,"comment_status":"closed","ping_status":"closed","template":"templates\/full-width-page.php","meta":[],"_links":{"self":[{"href":"https:\/\/www.outiturtiainen.fi\/index.php?rest_route=\/wp\/v2\/pages\/15"}],"collection":[{"href":"https:\/\/www.outiturtiainen.fi\/index.php?rest_route=\/wp\/v2\/pages"}],"about":[{"href":"https:\/\/www.outiturtiainen.fi\/index.php?rest_route=\/wp\/v2\/types\/page"}],"author":[{"embeddable":true,"href":"https:\/\/www.outiturtiainen.fi\/index.php?rest_route=\/wp\/v2\/users\/1"}],"replies":[{"embeddable":true,"href":"https:\/\/www.outiturtiainen.fi\/index.php?rest_route=%2Fwp%2Fv2%2Fcomments&post=15"}],"version-history":[{"count":3,"href":"https:\/\/www.outiturtiainen.fi\/index.php?rest_route=\/wp\/v2\/pages\/15\/revisions"}],"predecessor-version":[{"id":56,"href":"https:\/\/www.outiturtiainen.fi\/index.php?rest_route=\/wp\/v2\/pages\/15\/revisions\/56"}],"wp:attachment":[{"href":"https:\/\/www.outiturtiainen.fi\/index.php?rest_route=%2Fwp%2Fv2%2Fmedia&parent=15"}],"curies":[{"name":"wp","href":"https:\/\/api.w.org\/{rel}","templated":true}]}}